{"id":283,"date":"2024-06-05T14:26:02","date_gmt":"2024-06-05T14:26:02","guid":{"rendered":"https:\/\/vilaassessors.com\/contacto\/"},"modified":"2024-07-26T09:46:08","modified_gmt":"2024-07-26T09:46:08","slug":"contacto","status":"publish","type":"page","link":"https:\/\/vilaassessors.com\/es\/contacto\/","title":{"rendered":"Contacto"},"content":{"rendered":"<div class=\"wpb-content-wrapper\">[vc_section full_width=\u00bbstretch_row\u00bb css=\u00bb.vc_custom_1717597900903{padding-top: 2% !important;padding-bottom: 0px !important;background-color: #f7f7f7 !important;}\u00bb][vc_row css=\u00bb.vc_custom_1681197629860{padding-top: 4% !important;}\u00bb][vc_column][vc_column_text]\n<h1 style=\"text-align: center;\"><strong>Contacto con nosotros<\/strong><\/h1>\n[\/vc_column_text]<div class=\"vcex-spacing wpex-w-100 wpex-clear\" style=\"height:10px;\"><\/div>[\/vc_column][\/vc_row][vc_row column_spacing=\u00bb10&#8243; equal_height=\u00bbyes\u00bb][vc_column width=\u00bb1\/3&#8243;]<a class=\"vcex-module vcex-icon-box vcex-icon-box-five vcex-icon-box-has-link wpex-inherit-color wpex-no-underline wpex-block wpex-text-center wpex-p-30 wpex-surface-2\" href=\"tel:+34937014000\" target=\"_blank\" style=\"background-color:#ffffff;\" rel=\"noopener noreferrer\"><div class=\"vcex-icon-box-symbol wpex-mb-20\"><div class=\"vcex-icon-box-icon wpex-inline-flex wpex-items-center wpex-justify-center wpex-child-inherit-color wpex-text-center wpex-leading-none wpex-text-1\" style=\"color:#ffffff;border-radius:150px;background:#154669;width:70px;height:70px;\"><span class=\"ticon ticon-phone\" aria-hidden=\"true\"><\/span><\/div><\/div><div class=\"vcex-icon-box-text\"><h3 class=\"vcex-icon-box-heading wpex-heading\" style=\"font-weight:700;font-size:25px;margin-bottom:10px;\">93 701 40 00<\/h3><div class=\"vcex-icon-box-content wpex-last-mb-0 wpex-clr\"><p>Ll\u00e1manos<\/p>\n<\/div><\/div><\/a>[\/vc_column][vc_column width=\u00bb1\/3&#8243;]<a class=\"vcex-module vcex-icon-box vcex-icon-box-five vcex-icon-box-has-link wpex-inherit-color wpex-no-underline wpex-block wpex-text-center wpex-p-30 wpex-surface-2\" href=\"mailto:v&#105;&#108;&#097;&#064;as&#101;&#115;&#111;r&#115;&#116;c&#046;co&#109;\" target=\"_blank\" style=\"background-color:#ffffff;\" rel=\"noopener noreferrer\"><div class=\"vcex-icon-box-symbol wpex-mb-20\"><div class=\"vcex-icon-box-icon wpex-inline-flex wpex-items-center wpex-justify-center wpex-child-inherit-color wpex-text-center wpex-leading-none wpex-text-1\" style=\"color:#ffffff;border-radius:150px;background:#154669;width:70px;height:70px;\"><span class=\"ticon ticon-envelope\" aria-hidden=\"true\"><\/span><\/div><\/div><div class=\"vcex-icon-box-text\"><h3 class=\"vcex-icon-box-heading wpex-heading\" style=\"font-weight:700;font-size:25px;margin-bottom:10px;\">Env\u00eda un email<\/h3><div class=\"vcex-icon-box-content wpex-last-mb-0 wpex-clr\"><p>vila@asesorstc.com<\/p>\n<\/div><\/div><\/a>[\/vc_column][vc_column width=\u00bb1\/3&#8243;]<a class=\"vcex-module vcex-icon-box vcex-icon-box-five vcex-icon-box-has-link wpex-inherit-color wpex-no-underline local-scroll-link wpex-block wpex-text-center wpex-p-30 wpex-surface-2\" href=\"#formulario\" style=\"background-color:#ffffff;\"><div class=\"vcex-icon-box-symbol wpex-mb-20\"><div class=\"vcex-icon-box-icon wpex-inline-flex wpex-items-center wpex-justify-center wpex-child-inherit-color wpex-text-center wpex-leading-none wpex-text-1\" style=\"color:#ffffff;border-radius:150px;background:#154669;width:70px;height:70px;\"><span class=\"ticon ticon-wpforms\" aria-hidden=\"true\"><\/span><\/div><\/div><div class=\"vcex-icon-box-text\"><h3 class=\"vcex-icon-box-heading wpex-heading\" style=\"font-weight:700;font-size:25px;margin-bottom:10px;\">Env\u00eda un Formulario<\/h3><div class=\"vcex-icon-box-content wpex-last-mb-0 wpex-clr\"><p>Los campos con * son obligatorios<\/p>\n<\/div><\/div><\/a>[\/vc_column][\/vc_row][vc_row css=\u00bb.vc_custom_1688989901372{padding-top: 6% !important;}\u00bb][vc_column][vc_icon icon_fontawesome=\u00bbfas fa-map-marked-alt\u00bb color=\u00bbcustom\u00bb background_style=\u00bbrounded\u00bb background_color=\u00bbcustom\u00bb align=\u00bbcenter\u00bb custom_color=\u00bb#ffffff\u00bb css=\u00bb.vc_custom_1717597652510{margin-bottom: 20px !important;}\u00bb custom_background_color=\u00bb#154669&#8243;][vc_column_text]\n<h3 style=\"text-align: center;\"><strong>D\u00f3nde estamos<\/strong><\/h3>\n[\/vc_column_text][\/vc_column][\/vc_row][vc_row full_width=\u00bbstretch_row_content_no_spaces\u00bb content_placement=\u00bbmiddle\u00bb gap=\u00bb35&#8243;][vc_column][vc_gmaps link=\u00bb#E-8_JTNDaWZyYW1lJTIwc3JjJTNEJTIyaHR0cHMlM0ElMkYlMkZ3d3cuZ29vZ2xlLmNvbSUyRm1hcHMlMkZlbWJlZCUzRnBiJTNEJTIxMW0xOCUyMTFtMTIlMjExbTMlMjExZDI5OTIuMDcxNzA2MjU3NzA1JTIxMmQyLjE5MTkxMzg3NjA2MTA3NiUyMTNkNDEuNDE1OTYyMDcxMjk2MjE0JTIxMm0zJTIxMWYwJTIxMmYwJTIxM2YwJTIxM20yJTIxMWkxMDI0JTIxMmk3NjglMjE0ZjEzLjElMjEzbTMlMjExbTIlMjExczB4MTJhNGEzMzIwNWUzZmNhNSUyNTNBMHg3ZjA5YmQxYjViMzExMmM5JTIxMnNDJTI1MkYlMjUyMGRlJTI1MjBIdWVsdmElMjUyQyUyNTIwNDQlMjUyQyUyNTIwU2FudCUyNTIwTWFydCUyNUMzJTI1QUQlMjUyQyUyNTIwMDgwMjAlMjUyMEJhcmNlbG9uYSUyMTVlMCUyMTNtMiUyMTFzZXMlMjEyc2VzJTIxNHYxNzE3NTk2NTYzMDA1JTIxNW0yJTIxMXNlcyUyMTJzZXMlMjIlMjB3aWR0aCUzRCUyMjYwMCUyMiUyMGhlaWdodCUzRCUyMjQ1MCUyMiUyMHN0eWxlJTNEJTIyYm9yZGVyJTNBMCUzQiUyMiUyMGFsbG93ZnVsbHNjcmVlbiUzRCUyMiUyMiUyMGxvYWRpbmclM0QlMjJsYXp5JTIyJTIwcmVmZXJyZXJwb2xpY3klM0QlMjJuby1yZWZlcnJlci13aGVuLWRvd25ncmFkZSUyMiUzRSUzQyUyRmlmcmFtZSUzRQ==\u00bb size=\u00bb280px\u00bb][\/vc_column][\/vc_row][\/vc_section][vc_row local_scroll_id=\u00bbformulari\u00bb el_id=\u00bbformulari\u00bb][vc_column]<div class=\"templatera_shortcode\"><style type=\"text\/css\" data-type=\"vc_shortcodes-custom-css\">.vc_custom_1717597943158{margin-top: 5% !important;margin-bottom: 5% !important;background-position: center !important;background-repeat: no-repeat !important;background-size: cover !important;}.vc_custom_1688661636718{padding-top: 5% !important;padding-right: 5% !important;padding-bottom: 5% !important;padding-left: 5% !important;background-color: #f4f4f4 !important;border-radius: 10px !important;}.vc_custom_1688661774048{margin-top: 30px !important;margin-bottom: 30px !important;}<\/style><div data-vc-full-width=\"true\" data-vc-full-width-init=\"false\" data-vc-stretch-content=\"true\" class=\"vc_row wpb_row vc_row-fluid vc_row-no-padding wpex-vc-row-stretched\"><div class=\"wpb_column vc_column_container vc_col-sm-12\"><div class=\"vc_column-inner\"><div class=\"wpb_wrapper\"><div class=\"vcex-module vcex-divider vcex-divider-solid vcex-divider-center wpex-mx-auto wpex-max-w-100 wpex-block wpex-h-0 wpex-border-b wpex-border-solid wpex-border-main\" style=\"width:100%;border-bottom-width:1px;border-color:#000000;\"><\/div><\/div><\/div><\/div><\/div><div class=\"vc_row-full-width vc_clearfix\"><\/div><div data-vc-full-width=\"true\" data-vc-full-width-init=\"false\" class=\"vc_row wpb_row vc_row-fluid vc_custom_1717597943158 vc_column-gap-30 wpex-vc_row-has-fill wpex-vc-row-stretched\" data-ls_id=\"#formulario\" tabindex=\"-1\" style=\"background-position:center center!important;\"><div class=\"wpb_column vc_column_container vc_col-sm-6\"><div class=\"vc_column-inner\"><div class=\"wpb_wrapper\">\n\t<div class=\"wpb_text_column wpb_content_element\" >\n\t\t<div class=\"wpb_wrapper\">\n\t\t\t<h3 style=\"text-align: left;\"><strong>Si tienes dudas sobre nuestros servicios o metodolog\u00eda puedes contactar con nosotros mediante este formulario.<\/strong><\/h3>\n\n\t\t<\/div>\n\t<\/div>\n<div class=\"vcex-spacing wpex-w-100 wpex-clear\" style=\"height:20px;\"><\/div>\n\t<div class=\"wpb_text_column wpb_content_element\" >\n\t\t<div class=\"wpb_wrapper\">\n\t\t\t<h4>Nuestro equipo administrativo se pondr\u00e1 en contacto contigo lo antes posible para apoyarte. Llena el formulario de contacto a continuaci\u00f3n.<\/h4>\n<p style=\"text-align: left;\"><em>Los campos con * su obligatorios<\/em><\/p>\n\n\t\t<\/div>\n\t<\/div>\n<div class=\"vc_separator wpb_content_element vc_separator_align_center vc_sep_width_100 vc_sep_pos_align_center vc_separator_no_text vc_sep_color_grey vc_custom_1688661774048 wpb_content_element  vc_custom_1688661774048 wpb_content_element\" ><span class=\"vc_sep_holder vc_sep_holder_l\"><span class=\"vc_sep_line\"><\/span><\/span><span class=\"vc_sep_holder vc_sep_holder_r\"><span class=\"vc_sep_line\"><\/span><\/span>\n<\/div>\n\t<div class=\"wpb_text_column wpb_content_element\" >\n\t\t<div class=\"wpb_wrapper\">\n\t\t\t<h4><strong>Oficina central<\/strong><\/h4>\n<p><strong>vila@asesorstc.com<\/strong><br \/>\nTelf. y Fax: 93 701 40 00<br \/>\nC\/ Huelva, 44-46, bajos<br \/>\n08020 - BARCELONA<\/p>\n\n\t\t<\/div>\n\t<\/div>\n<div class=\"vcex-spacing wpex-w-100 wpex-clear\" style=\"height:20px;\"><\/div><\/div><\/div><\/div><div class=\"wpb_column vc_column_container vc_col-sm-6 wpex-vc_col-has-fill\"><div class=\"vc_column-inner vc_custom_1688661636718\"><div class=\"wpb_wrapper\">\n<div class=\"wpcf7 no-js\" id=\"wpcf7-f282-o1\" lang=\"es-ES\" dir=\"ltr\">\n<div class=\"screen-reader-response\"><p role=\"status\" aria-live=\"polite\" aria-atomic=\"true\"><\/p> <ul><\/ul><\/div>\n<form action=\"\/es\/wp-json\/wp\/v2\/pages\/283#wpcf7-f282-o1\" method=\"post\" class=\"wpcf7-form init\" aria-label=\"Formulario de contacto\" novalidate=\"novalidate\" data-status=\"init\">\n<div style=\"display: none;\">\n<input type=\"hidden\" name=\"_wpcf7\" value=\"282\" \/>\n<input type=\"hidden\" name=\"_wpcf7_version\" value=\"5.9.8\" \/>\n<input type=\"hidden\" name=\"_wpcf7_locale\" value=\"es_ES\" \/>\n<input type=\"hidden\" name=\"_wpcf7_unit_tag\" value=\"wpcf7-f282-o1\" \/>\n<input type=\"hidden\" name=\"_wpcf7_container_post\" value=\"0\" \/>\n<input type=\"hidden\" name=\"_wpcf7_posted_data_hash\" value=\"\" \/>\n<input type=\"hidden\" name=\"_wpcf7_recaptcha_response\" value=\"\" \/>\n<\/div>\n<div class=\"form-row\">\n\t<div class=\"column-half\">\n\t\t<p>Nombre y Apellidos <span class=\"wpcf7-form-control-wrap\" data-name=\"first-name\"><input size=\"40\" maxlength=\"400\" class=\"wpcf7-form-control wpcf7-text\" aria-invalid=\"false\" value=\"\" type=\"text\" name=\"first-name\" \/><\/span>\n\t\t<\/p>\n\t<\/div>\n\t<div class=\"column-half\">\n\t\t<p>Email <span class=\"wpcf7-form-control-wrap\" data-name=\"your-email\"><input size=\"40\" maxlength=\"400\" class=\"wpcf7-form-control wpcf7-email wpcf7-validates-as-required wpcf7-text wpcf7-validates-as-email\" aria-required=\"true\" aria-invalid=\"false\" value=\"\" type=\"email\" name=\"your-email\" \/><\/span>\n\t\t<\/p>\n\t<\/div>\n<\/div>\n<div class=\"form-row\">\n\t<div class=\"column-half\">\n\t\t<p>Tel\u00e9fono <span class=\"wpcf7-form-control-wrap\" data-name=\"your-phone\"><input size=\"40\" maxlength=\"400\" class=\"wpcf7-form-control wpcf7-text wpcf7-validates-as-required\" aria-required=\"true\" aria-invalid=\"false\" value=\"\" type=\"text\" name=\"your-phone\" \/><\/span>\n\t\t<\/p>\n\t<\/div>\n\t<div class=\"column-half\">\n\t\t<p>Empresa <span class=\"wpcf7-form-control-wrap\" data-name=\"your-empresa\"><input size=\"40\" maxlength=\"400\" class=\"wpcf7-form-control wpcf7-text wpcf7-validates-as-required\" aria-required=\"true\" aria-invalid=\"false\" value=\"\" type=\"text\" name=\"your-empresa\" \/><\/span>\n\t\t<\/p>\n\t<\/div>\n<\/div>\n<div class=\"form-row\">\n\t<div class=\"column-full\">\n\t\t<p>Asunto <span class=\"wpcf7-form-control-wrap\" data-name=\"your-subject\"><input size=\"40\" maxlength=\"400\" class=\"wpcf7-form-control wpcf7-text wpcf7-validates-as-required\" aria-required=\"true\" aria-invalid=\"false\" value=\"\" type=\"text\" name=\"your-subject\" \/><\/span>\n\t\t<\/p>\n\t<\/div>\n<\/div>\n<div class=\"form-row\">\n\t<div class=\"column-full\">\n\t\t<p>Mensaje <span class=\"wpcf7-form-control-wrap\" data-name=\"your-message\"><textarea cols=\"40\" rows=\"10\" maxlength=\"2000\" class=\"wpcf7-form-control wpcf7-textarea\" aria-invalid=\"false\" name=\"your-message\"><\/textarea><\/span>\n\t\t<\/p>\n\t<\/div>\n<\/div>\n<div class=\"form-row\">\n\t<div class=\"column-full\">\n\t\t<p><label><span class=\"wpcf7-form-control-wrap\" data-name=\"aceptance-576\"><span class=\"wpcf7-form-control wpcf7-acceptance optional\"><span class=\"wpcf7-list-item\"><input type=\"checkbox\" name=\"aceptance-576\" value=\"1\" aria-invalid=\"false\" \/><\/span><\/span><\/span> He le\u00eddo y acepto el Aviso Legal y la Pol\u00edtica de Privacidad<\/label>\n\t\t<\/p>\n\t<\/div>\n<\/div>\n<div class=\"form-row\">\n\t<div class=\"column-full\">\n\t\t<p><input class=\"wpcf7-form-control wpcf7-submit has-spinner\" type=\"submit\" value=\"Enviar\" \/>\n\t\t<\/p>\n\t<\/div>\n<\/div><p style=\"display: none !important;\" class=\"akismet-fields-container\" data-prefix=\"_wpcf7_ak_\"><label>&#916;<textarea name=\"_wpcf7_ak_hp_textarea\" cols=\"45\" rows=\"8\" maxlength=\"100\"><\/textarea><\/label><input type=\"hidden\" id=\"ak_js_1\" name=\"_wpcf7_ak_js\" value=\"198\"\/><script>document.getElementById( \"ak_js_1\" ).setAttribute( \"value\", ( new Date() ).getTime() );<\/script><\/p><div class=\"wpcf7-response-output\" aria-hidden=\"true\"><\/div>\n<\/form>\n<\/div>\n<\/div><\/div><\/div><\/div><div class=\"vc_row-full-width vc_clearfix\"><\/div><\/div>[\/vc_column][\/vc_row]\n<\/div>","protected":false},"excerpt":{"rendered":"Contacto con nosotros 93 701 40 00Ll\u00e1manos Env\u00eda un emailvila@asesorstc.com Env\u00eda un FormularioLos campos con * son obligatorios D\u00f3nde estamos Si tienes dudas sobre nuestros servicios o metodolog\u00eda puedes contactar con nosotros mediante este formulario. Nuestro equipo administrativo se pondr\u00e1 en contacto contigo lo antes posible para apoyarte. Llena el formulario de contacto a continuaci\u00f3n.&hellip;","protected":false},"author":1,"featured_media":315,"parent":0,"menu_order":0,"comment_status":"closed","ping_status":"closed","template":"","meta":{"footnotes":""},"class_list":["post-283","page","type-page","status-publish","has-post-thumbnail","hentry","entry","has-media"],"yoast_head":"<!-- This site is optimized with the Yoast SEO plugin v23.1 - https:\/\/yoast.com\/wordpress\/plugins\/seo\/ -->\n<title>Contacto - Vila Assesors<\/title>\n<meta name=\"robots\" content=\"index, follow, max-snippet:-1, max-image-preview:large, max-video-preview:-1\" \/>\n<link rel=\"canonical\" href=\"https:\/\/vilaassessors.com\/contacte\/\" \/>\n<meta property=\"og:locale\" content=\"es_ES\" \/>\n<meta property=\"og:type\" content=\"article\" \/>\n<meta property=\"og:title\" content=\"Contacto - Vila Assesors\" \/>\n<meta property=\"og:url\" content=\"https:\/\/vilaassessors.com\/contacte\/\" \/>\n<meta property=\"og:site_name\" content=\"Vila Assesors\" \/>\n<meta property=\"article:modified_time\" content=\"2024-07-26T09:46:08+00:00\" \/>\n<meta name=\"twitter:card\" content=\"summary_large_image\" \/>\n<meta name=\"twitter:label1\" content=\"Tiempo de lectura\" \/>\n\t<meta name=\"twitter:data1\" content=\"2 minutos\" \/>\n<script type=\"application\/ld+json\" class=\"yoast-schema-graph\">{\"@context\":\"https:\/\/schema.org\",\"@graph\":[{\"@type\":\"WebPage\",\"@id\":\"https:\/\/vilaassessors.com\/contacte\/\",\"url\":\"https:\/\/vilaassessors.com\/contacte\/\",\"name\":\"Contacto - Vila Assesors\",\"isPartOf\":{\"@id\":\"https:\/\/vilaassessors.com\/#website\"},\"primaryImageOfPage\":{\"@id\":\"https:\/\/vilaassessors.com\/contacte\/#primaryimage\"},\"image\":{\"@id\":\"https:\/\/vilaassessors.com\/contacte\/#primaryimage\"},\"thumbnailUrl\":\"https:\/\/vilaassessors.com\/wp-content\/uploads\/2024\/08\/Assessoria-a-Barcelona-Vila-Assessors.png\",\"datePublished\":\"2024-06-05T14:26:02+00:00\",\"dateModified\":\"2024-07-26T09:46:08+00:00\",\"breadcrumb\":{\"@id\":\"https:\/\/vilaassessors.com\/contacte\/#breadcrumb\"},\"inLanguage\":\"es\",\"potentialAction\":[{\"@type\":\"ReadAction\",\"target\":[\"https:\/\/vilaassessors.com\/contacte\/\"]}]},{\"@type\":\"ImageObject\",\"inLanguage\":\"es\",\"@id\":\"https:\/\/vilaassessors.com\/contacte\/#primaryimage\",\"url\":\"https:\/\/vilaassessors.com\/wp-content\/uploads\/2024\/08\/Assessoria-a-Barcelona-Vila-Assessors.png\",\"contentUrl\":\"https:\/\/vilaassessors.com\/wp-content\/uploads\/2024\/08\/Assessoria-a-Barcelona-Vila-Assessors.png\",\"width\":500,\"height\":500,\"caption\":\"Assessoria a Barcelona\"},{\"@type\":\"BreadcrumbList\",\"@id\":\"https:\/\/vilaassessors.com\/contacte\/#breadcrumb\",\"itemListElement\":[{\"@type\":\"ListItem\",\"position\":1,\"name\":\"Home\",\"item\":\"https:\/\/vilaassessors.com\/es\/\"},{\"@type\":\"ListItem\",\"position\":2,\"name\":\"Contacto\"}]},{\"@type\":\"WebSite\",\"@id\":\"https:\/\/vilaassessors.com\/#website\",\"url\":\"https:\/\/vilaassessors.com\/\",\"name\":\"Vila Assesors\",\"description\":\"Fiscal, Laboral, Comptable, Jur\u00eddic Assegurances, Comunitats, Her\u00e8ncies\",\"publisher\":{\"@id\":\"https:\/\/vilaassessors.com\/#organization\"},\"potentialAction\":[{\"@type\":\"SearchAction\",\"target\":{\"@type\":\"EntryPoint\",\"urlTemplate\":\"https:\/\/vilaassessors.com\/?s={search_term_string}\"},\"query-input\":\"required name=search_term_string\"}],\"inLanguage\":\"es\"},{\"@type\":\"Organization\",\"@id\":\"https:\/\/vilaassessors.com\/#organization\",\"name\":\"Vila Assesors\",\"url\":\"https:\/\/vilaassessors.com\/\",\"logo\":{\"@type\":\"ImageObject\",\"inLanguage\":\"es\",\"@id\":\"https:\/\/vilaassessors.com\/#\/schema\/logo\/image\/\",\"url\":\"https:\/\/vilaassessors.com\/wp-content\/uploads\/2024\/06\/logo-vila-assesors-llarg.svg\",\"contentUrl\":\"https:\/\/vilaassessors.com\/wp-content\/uploads\/2024\/06\/logo-vila-assesors-llarg.svg\",\"width\":1446,\"height\":164,\"caption\":\"Vila Assesors\"},\"image\":{\"@id\":\"https:\/\/vilaassessors.com\/#\/schema\/logo\/image\/\"}}]}<\/script>\n<!-- \/ Yoast SEO plugin. -->","yoast_head_json":{"title":"Contacto - Vila Assesors","robots":{"index":"index","follow":"follow","max-snippet":"max-snippet:-1","max-image-preview":"max-image-preview:large","max-video-preview":"max-video-preview:-1"},"canonical":"https:\/\/vilaassessors.com\/contacte\/","og_locale":"es_ES","og_type":"article","og_title":"Contacto - Vila Assesors","og_url":"https:\/\/vilaassessors.com\/contacte\/","og_site_name":"Vila Assesors","article_modified_time":"2024-07-26T09:46:08+00:00","twitter_card":"summary_large_image","twitter_misc":{"Tiempo de lectura":"2 minutos"},"schema":{"@context":"https:\/\/schema.org","@graph":[{"@type":"WebPage","@id":"https:\/\/vilaassessors.com\/contacte\/","url":"https:\/\/vilaassessors.com\/contacte\/","name":"Contacto - Vila Assesors","isPartOf":{"@id":"https:\/\/vilaassessors.com\/#website"},"primaryImageOfPage":{"@id":"https:\/\/vilaassessors.com\/contacte\/#primaryimage"},"image":{"@id":"https:\/\/vilaassessors.com\/contacte\/#primaryimage"},"thumbnailUrl":"https:\/\/vilaassessors.com\/wp-content\/uploads\/2024\/08\/Assessoria-a-Barcelona-Vila-Assessors.png","datePublished":"2024-06-05T14:26:02+00:00","dateModified":"2024-07-26T09:46:08+00:00","breadcrumb":{"@id":"https:\/\/vilaassessors.com\/contacte\/#breadcrumb"},"inLanguage":"es","potentialAction":[{"@type":"ReadAction","target":["https:\/\/vilaassessors.com\/contacte\/"]}]},{"@type":"ImageObject","inLanguage":"es","@id":"https:\/\/vilaassessors.com\/contacte\/#primaryimage","url":"https:\/\/vilaassessors.com\/wp-content\/uploads\/2024\/08\/Assessoria-a-Barcelona-Vila-Assessors.png","contentUrl":"https:\/\/vilaassessors.com\/wp-content\/uploads\/2024\/08\/Assessoria-a-Barcelona-Vila-Assessors.png","width":500,"height":500,"caption":"Assessoria a Barcelona"},{"@type":"BreadcrumbList","@id":"https:\/\/vilaassessors.com\/contacte\/#breadcrumb","itemListElement":[{"@type":"ListItem","position":1,"name":"Home","item":"https:\/\/vilaassessors.com\/es\/"},{"@type":"ListItem","position":2,"name":"Contacto"}]},{"@type":"WebSite","@id":"https:\/\/vilaassessors.com\/#website","url":"https:\/\/vilaassessors.com\/","name":"Vila Assesors","description":"Fiscal, Laboral, Comptable, Jur\u00eddic Assegurances, Comunitats, Her\u00e8ncies","publisher":{"@id":"https:\/\/vilaassessors.com\/#organization"},"potentialAction":[{"@type":"SearchAction","target":{"@type":"EntryPoint","urlTemplate":"https:\/\/vilaassessors.com\/?s={search_term_string}"},"query-input":"required name=search_term_string"}],"inLanguage":"es"},{"@type":"Organization","@id":"https:\/\/vilaassessors.com\/#organization","name":"Vila Assesors","url":"https:\/\/vilaassessors.com\/","logo":{"@type":"ImageObject","inLanguage":"es","@id":"https:\/\/vilaassessors.com\/#\/schema\/logo\/image\/","url":"https:\/\/vilaassessors.com\/wp-content\/uploads\/2024\/06\/logo-vila-assesors-llarg.svg","contentUrl":"https:\/\/vilaassessors.com\/wp-content\/uploads\/2024\/06\/logo-vila-assesors-llarg.svg","width":1446,"height":164,"caption":"Vila Assesors"},"image":{"@id":"https:\/\/vilaassessors.com\/#\/schema\/logo\/image\/"}}]}},"_links":{"self":[{"href":"https:\/\/vilaassessors.com\/es\/wp-json\/wp\/v2\/pages\/283"}],"collection":[{"href":"https:\/\/vilaassessors.com\/es\/wp-json\/wp\/v2\/pages"}],"about":[{"href":"https:\/\/vilaassessors.com\/es\/wp-json\/wp\/v2\/types\/page"}],"author":[{"embeddable":true,"href":"https:\/\/vilaassessors.com\/es\/wp-json\/wp\/v2\/users\/1"}],"replies":[{"embeddable":true,"href":"https:\/\/vilaassessors.com\/es\/wp-json\/wp\/v2\/comments?post=283"}],"version-history":[{"count":2,"href":"https:\/\/vilaassessors.com\/es\/wp-json\/wp\/v2\/pages\/283\/revisions"}],"predecessor-version":[{"id":285,"href":"https:\/\/vilaassessors.com\/es\/wp-json\/wp\/v2\/pages\/283\/revisions\/285"}],"wp:featuredmedia":[{"embeddable":true,"href":"https:\/\/vilaassessors.com\/es\/wp-json\/wp\/v2\/media\/315"}],"wp:attachment":[{"href":"https:\/\/vilaassessors.com\/es\/wp-json\/wp\/v2\/media?parent=283"}],"curies":[{"name":"wp","href":"https:\/\/api.w.org\/{rel}","templated":true}]}}