{"id":288,"date":"2023-05-24T09:02:43","date_gmt":"2023-05-24T09:02:43","guid":{"rendered":"https:\/\/vilaassessors.com\/villa-asesores\/"},"modified":"2024-07-28T06:47:59","modified_gmt":"2024-07-28T06:47:59","slug":"villa-asesores","status":"publish","type":"page","link":"https:\/\/vilaassessors.com\/es\/","title":{"rendered":"Vila Asesores"},"content":{"rendered":"<div class=\"wpb-content-wrapper\">[vc_row full_width=\u00bbstretch_row\u00bb css=\u00bb.vc_custom_1720597743585{padding-top: 8% !important;padding-bottom: 8% !important;background: #e8e8e8 url(https:\/\/vilaassessors.com\/wp-content\/uploads\/2024\/07\/bg-1-vila-asssesors.jpg?id=240) !important;background-position: center !important;background-repeat: no-repeat !important;background-size: cover !important;}\u00bb wpex_bg_position=\u00bbcenter center\u00bb][vc_column width=\u00bb1\/2&#8243; css=\u00bb.vc_custom_1720597776317{padding-right: 5% !important;}\u00bb][vc_column_text]\n<h1>Asesor\u00eda Jur\u00eddica especializada en materia fiscal laboral y contable.<\/h1>\n<p>Asesor\u00eda familiar fundada en 2016. Nuestro equipo te asesorar\u00e1 y te guiar\u00e1 en todas tus decisiones, protegiendo tus intereses y adapt\u00e1ndose a tus necesidades.[\/vc_column_text]<div class=\"vcex-spacing wpex-w-100 wpex-clear\" style=\"height:20px;\"><\/div><a href=\"#formulario\" class=\"vcex-button theme-button white inline local-scroll-link\"><span class=\"vcex-button-inner theme-button-inner\">Pedir informaci\u00f3n<\/span><\/a> [\/vc_column][vc_column width=\u00bb1\/2&#8243;][\/vc_column][\/vc_row][vc_row css=\u00bb.vc_custom_1720597262483{padding-top: 5% !important;}\u00bb][vc_column]<style>.vcex-image.vcex_69e1e2ef65939 .vcex-image-inner{max-width:50px;}<\/style><figure class=\"vcex-image vcex-module textcenter vcex_69e1e2ef65939\"><div class=\"vcex-image-inner wpex-relative wpex-inline-block\"><img width=\"300\" height=\"197\" src=\"https:\/\/vilaassessors.com\/wp-content\/uploads\/2024\/07\/icon-vila-assesors.svg\" class=\"vcex-image-img wpex-align-middle\" alt=\"Assessoria a Barcelona\" width=\"50\" loading=\"lazy\" decoding=\"async\" \/><\/div><\/figure>[vc_column_text]\n<h3 style=\"text-align: center;\">Nuestros servicios<\/h3>\n[\/vc_column_text][\/vc_column][\/vc_row][vc_row column_spacing=\u00bb20&#8243;][vc_column width=\u00bb1\/2&#8243;]<style>.vcex-image-banner.vcex_69e1e2ef6780e .vcex-ib-content-wrap{padding:30px;}.vcex-image-banner.vcex_69e1e2ef6780e .vcex-ib-title{padding-bottom:10px;}.vcex-image-banner.vcex_69e1e2ef6780e .vcex-ib-caption{padding-bottom:120px;font-size:14px;}<\/style><a class=\"vcex-module vcex-image-banner vcex-image-banner-has-link wpex-no-underline wpex-flex wpex-flex-col wpex-w-100 wpex-justify-center wpex-relative wpex-overflow-hidden wpex-bg-gray-900 wpex-text-white wpex-hover-text-white wpex-text-left wpex-rounded vcex-h-zoom wpex-isolate vcex-has-button vcex_69e1e2ef6780e\" href=\"https:\/\/vilaassessors.com\/es\/serveis\/\" title=\"Servicios\"><span class=\"vcex-ib-img wpex-block wpex-transition-all wpex-duration-500 wpex-bg-cover wpex-absolute wpex-inset-0\" style=\"background-image:url(https:\/\/vilaassessors.com\/wp-content\/uploads\/2024\/07\/legal-vila-assesors.jpg);\"><\/span><div class=\"vcex-ib-overlay wpex-absolute wpex-inset-0 wpex-transition-all wpex-duration-500\"><div class=\"vcex-ib-overlay-bg wpex-absolute wpex-inset-0 wpex-bg-black wpex-opacity-30\"><\/div><\/div><div class=\"vcex-ib-content-wrap wpex-w-100 wpex-transition-all wpex-duration-500 wpex-py-100 wpex-px-40 wpex-relative\"><div class=\"vcex-ib-content wpex-mr-auto\"><h3 class=\"vcex-ib-title wpex-heading wpex-inherit-color-important\">Jur\u00eddico<\/h3><div class=\"vcex-ib-caption wpex-text-lg wpex-last-mb-0\">Familia, Herencias, Inmobiliario, Extranjer\u00eda, Bancario, Fiscal<\/div><div class=\"vcex-ib-button\"><span class=\"vcex-ib-button-inner theme-button\">M\u00e1s informaci\u00f3n<\/span><\/div><\/div><\/div><\/a>[\/vc_column][vc_column width=\u00bb1\/2&#8243;]<style>.vcex-image-banner.vcex_69e1e2ef69b57 .vcex-ib-content-wrap{padding:30px;}.vcex-image-banner.vcex_69e1e2ef69b57 .vcex-ib-title{padding-bottom:10px;}.vcex-image-banner.vcex_69e1e2ef69b57 .vcex-ib-caption{padding-bottom:120px;font-size:14px;}<\/style><a class=\"vcex-module vcex-image-banner vcex-image-banner-has-link wpex-no-underline wpex-flex wpex-flex-col wpex-w-100 wpex-justify-center wpex-relative wpex-overflow-hidden wpex-bg-gray-900 wpex-text-white wpex-hover-text-white wpex-text-left wpex-rounded vcex-h-zoom wpex-isolate vcex-has-button vcex_69e1e2ef69b57\" href=\"https:\/\/vilaassessors.com\/es\/serveis\/\" title=\"Servicios\"><span class=\"vcex-ib-img wpex-block wpex-transition-all wpex-duration-500 wpex-bg-cover wpex-absolute wpex-inset-0\" style=\"background-image:url(https:\/\/vilaassessors.com\/wp-content\/uploads\/2024\/07\/assesoria-vila-assesors.jpg);\"><\/span><div class=\"vcex-ib-overlay wpex-absolute wpex-inset-0 wpex-transition-all wpex-duration-500\"><div class=\"vcex-ib-overlay-bg wpex-absolute wpex-inset-0 wpex-bg-black wpex-opacity-30\"><\/div><\/div><div class=\"vcex-ib-content-wrap wpex-w-100 wpex-transition-all wpex-duration-500 wpex-py-100 wpex-px-40 wpex-relative\"><div class=\"vcex-ib-content wpex-mr-auto\"><h3 class=\"vcex-ib-title wpex-heading wpex-inherit-color-important\">Asesor\u00eda<\/h3><div class=\"vcex-ib-caption wpex-text-lg wpex-last-mb-0\">Fiscal, Contable, Laboral, Seguros, IRPF, Tr\u00e1fico<\/div><div class=\"vcex-ib-button\"><span class=\"vcex-ib-button-inner theme-button\">M\u00e1s informaci\u00f3n<\/span><\/div><\/div><\/div><\/a>[\/vc_column][\/vc_row][vc_row css=\u00bb.vc_custom_1720597270163{padding-top: 5% !important;padding-bottom: 4% !important;}\u00bb][vc_column]<div class=\"vcex-module vcex-divider vcex-divider-solid vcex-divider-center wpex-mx-auto wpex-block wpex-h-0 wpex-border-b wpex-border-solid wpex-border-main\" style=\"margin-top:10px;margin-bottom:10px;border-color:#e5e5e5;\"><\/div>[\/vc_column][\/vc_row][vc_row content_placement=\u00bbmiddle\u00bb][vc_column width=\u00bb1\/2&#8243;]<figure class=\"vcex-image vcex-module\"><div class=\"vcex-image-inner wpex-relative wpex-inline-block\"><img width=\"1500\" height=\"788\" src=\"https:\/\/vilaassessors.com\/wp-content\/uploads\/2024\/07\/espai-vila-asssesors.jpg\" class=\"vcex-image-img wpex-align-middle\" alt=\"\" loading=\"lazy\" decoding=\"async\" srcset=\"https:\/\/vilaassessors.com\/wp-content\/uploads\/2024\/07\/espai-vila-asssesors.jpg 1500w, https:\/\/vilaassessors.com\/wp-content\/uploads\/2024\/07\/espai-vila-asssesors-300x158.jpg 300w, https:\/\/vilaassessors.com\/wp-content\/uploads\/2024\/07\/espai-vila-asssesors-1024x538.jpg 1024w, https:\/\/vilaassessors.com\/wp-content\/uploads\/2024\/07\/espai-vila-asssesors-768x403.jpg 768w\" sizes=\"(max-width: 1500px) 100vw, 1500px\" \/><\/div><\/figure>[\/vc_column][vc_column width=\u00bb1\/2&#8243;][vc_column_text css=\u00bb\u00bb]\n<h3>El equipo de Vila Assessors<\/h3>\n[\/vc_column_text]<div class=\"vcex-spacing wpex-w-100 wpex-clear\" style=\"height:20px;\"><\/div><a href=\"https:\/\/vilaassessors.com\/es\/equipo\/\" class=\"vcex-button theme-button inline\"><span class=\"vcex-button-inner theme-button-inner\">Conoce al equipo<span class=\"vcex-button-icon vcex-icon-wrap theme-button-icon-right\"><span class=\"ticon ticon-angle-right\" aria-hidden=\"true\"><\/span><\/span><\/span><\/a> [\/vc_column][\/vc_row][vc_row css=\u00bb.vc_custom_1720597270163{padding-top: 5% !important;padding-bottom: 4% !important;}\u00bb][vc_column]<div class=\"vcex-module vcex-divider vcex-divider-solid vcex-divider-center wpex-mx-auto wpex-block wpex-h-0 wpex-border-b wpex-border-solid wpex-border-main\" style=\"margin-top:10px;margin-bottom:10px;border-color:#e5e5e5;\"><\/div>[\/vc_column][\/vc_row][vc_row local_scroll_id=\u00bbformulario\u00bb][vc_column width=\u00bb1\/2&#8243;][vc_gmaps link=\u00bb#E-8_JTNDaWZyYW1lJTIwc3JjJTNEJTIyaHR0cHMlM0ElMkYlMkZ3d3cuZ29vZ2xlLmNvbSUyRm1hcHMlMkZlbWJlZCUzRnBiJTNEJTIxMW0xOCUyMTFtMTIlMjExbTMlMjExZDI5OTIuMDcxNzA2MjU3NzA1JTIxMmQyLjE5MTkxMzg3NjA2MTA3NiUyMTNkNDEuNDE1OTYyMDcxMjk2MjE0JTIxMm0zJTIxMWYwJTIxMmYwJTIxM2YwJTIxM20yJTIxMWkxMDI0JTIxMmk3NjglMjE0ZjEzLjElMjEzbTMlMjExbTIlMjExczB4MTJhNGEzMzIwNWUzZmNhNSUyNTNBMHg3ZjA5YmQxYjViMzExMmM5JTIxMnNDJTI1MkYlMjUyMGRlJTI1MjBIdWVsdmElMjUyQyUyNTIwNDQlMjUyQyUyNTIwU2FudCUyNTIwTWFydCUyNUMzJTI1QUQlMjUyQyUyNTIwMDgwMjAlMjUyMEJhcmNlbG9uYSUyMTVlMCUyMTNtMiUyMTFzZXMlMjEyc2VzJTIxNHYxNzE3NTk2NTYzMDA1JTIxNW0yJTIxMXNlcyUyMTJzZXMlMjIlMjB3aWR0aCUzRCUyMjYwMCUyMiUyMGhlaWdodCUzRCUyMjQ1MCUyMiUyMHN0eWxlJTNEJTIyYm9yZGVyJTNBMCUzQiUyMiUyMGFsbG93ZnVsbHNjcmVlbiUzRCUyMiUyMiUyMGxvYWRpbmclM0QlMjJsYXp5JTIyJTIwcmVmZXJyZXJwb2xpY3klM0QlMjJuby1yZWZlcnJlci13aGVuLWRvd25ncmFkZSUyMiUzRSUzQyUyRmlmcmFtZSUzRQ==\u00bb][\/vc_column][vc_column width=\u00bb1\/2&#8243;]\n<div class=\"wpcf7 no-js\" id=\"wpcf7-f282-o1\" lang=\"es-ES\" dir=\"ltr\">\n<div class=\"screen-reader-response\"><p role=\"status\" aria-live=\"polite\" aria-atomic=\"true\"><\/p> <ul><\/ul><\/div>\n<form action=\"\/es\/wp-json\/wp\/v2\/pages\/288#wpcf7-f282-o1\" method=\"post\" class=\"wpcf7-form init\" aria-label=\"Formulario de contacto\" novalidate=\"novalidate\" data-status=\"init\">\n<div style=\"display: none;\">\n<input type=\"hidden\" name=\"_wpcf7\" value=\"282\" \/>\n<input type=\"hidden\" name=\"_wpcf7_version\" value=\"5.9.8\" \/>\n<input type=\"hidden\" name=\"_wpcf7_locale\" value=\"es_ES\" \/>\n<input type=\"hidden\" name=\"_wpcf7_unit_tag\" value=\"wpcf7-f282-o1\" \/>\n<input type=\"hidden\" name=\"_wpcf7_container_post\" value=\"0\" \/>\n<input type=\"hidden\" name=\"_wpcf7_posted_data_hash\" value=\"\" \/>\n<input type=\"hidden\" name=\"_wpcf7_recaptcha_response\" value=\"\" \/>\n<\/div>\n<div class=\"form-row\">\n\t<div class=\"column-half\">\n\t\t<p>Nombre y Apellidos <span class=\"wpcf7-form-control-wrap\" data-name=\"first-name\"><input size=\"40\" maxlength=\"400\" class=\"wpcf7-form-control wpcf7-text\" aria-invalid=\"false\" value=\"\" type=\"text\" name=\"first-name\" \/><\/span>\n\t\t<\/p>\n\t<\/div>\n\t<div class=\"column-half\">\n\t\t<p>Email <span class=\"wpcf7-form-control-wrap\" data-name=\"your-email\"><input size=\"40\" maxlength=\"400\" class=\"wpcf7-form-control wpcf7-email wpcf7-validates-as-required wpcf7-text wpcf7-validates-as-email\" aria-required=\"true\" aria-invalid=\"false\" value=\"\" type=\"email\" name=\"your-email\" \/><\/span>\n\t\t<\/p>\n\t<\/div>\n<\/div>\n<div class=\"form-row\">\n\t<div class=\"column-half\">\n\t\t<p>Tel\u00e9fono <span class=\"wpcf7-form-control-wrap\" data-name=\"your-phone\"><input size=\"40\" maxlength=\"400\" class=\"wpcf7-form-control wpcf7-text wpcf7-validates-as-required\" aria-required=\"true\" aria-invalid=\"false\" value=\"\" type=\"text\" name=\"your-phone\" \/><\/span>\n\t\t<\/p>\n\t<\/div>\n\t<div class=\"column-half\">\n\t\t<p>Empresa <span class=\"wpcf7-form-control-wrap\" data-name=\"your-empresa\"><input size=\"40\" maxlength=\"400\" class=\"wpcf7-form-control wpcf7-text wpcf7-validates-as-required\" aria-required=\"true\" aria-invalid=\"false\" value=\"\" type=\"text\" name=\"your-empresa\" \/><\/span>\n\t\t<\/p>\n\t<\/div>\n<\/div>\n<div class=\"form-row\">\n\t<div class=\"column-full\">\n\t\t<p>Asunto <span class=\"wpcf7-form-control-wrap\" data-name=\"your-subject\"><input size=\"40\" maxlength=\"400\" class=\"wpcf7-form-control wpcf7-text wpcf7-validates-as-required\" aria-required=\"true\" aria-invalid=\"false\" value=\"\" type=\"text\" name=\"your-subject\" \/><\/span>\n\t\t<\/p>\n\t<\/div>\n<\/div>\n<div class=\"form-row\">\n\t<div class=\"column-full\">\n\t\t<p>Mensaje <span class=\"wpcf7-form-control-wrap\" data-name=\"your-message\"><textarea cols=\"40\" rows=\"10\" maxlength=\"2000\" class=\"wpcf7-form-control wpcf7-textarea\" aria-invalid=\"false\" name=\"your-message\"><\/textarea><\/span>\n\t\t<\/p>\n\t<\/div>\n<\/div>\n<div class=\"form-row\">\n\t<div class=\"column-full\">\n\t\t<p><label><span class=\"wpcf7-form-control-wrap\" data-name=\"aceptance-576\"><span class=\"wpcf7-form-control wpcf7-acceptance optional\"><span class=\"wpcf7-list-item\"><input type=\"checkbox\" name=\"aceptance-576\" value=\"1\" aria-invalid=\"false\" \/><\/span><\/span><\/span> He le\u00eddo y acepto el Aviso Legal y la Pol\u00edtica de Privacidad<\/label>\n\t\t<\/p>\n\t<\/div>\n<\/div>\n<div class=\"form-row\">\n\t<div class=\"column-full\">\n\t\t<p><input class=\"wpcf7-form-control wpcf7-submit has-spinner\" type=\"submit\" value=\"Enviar\" \/>\n\t\t<\/p>\n\t<\/div>\n<\/div><p style=\"display: none !important;\" class=\"akismet-fields-container\" data-prefix=\"_wpcf7_ak_\"><label>&#916;<textarea name=\"_wpcf7_ak_hp_textarea\" cols=\"45\" rows=\"8\" maxlength=\"100\"><\/textarea><\/label><input type=\"hidden\" id=\"ak_js_1\" name=\"_wpcf7_ak_js\" value=\"54\"\/><script>document.getElementById( \"ak_js_1\" ).setAttribute( \"value\", ( new Date() ).getTime() );<\/script><\/p><div class=\"wpcf7-response-output\" aria-hidden=\"true\"><\/div>\n<\/form>\n<\/div>\n[\/vc_column][\/vc_row]\n<\/div>","protected":false},"excerpt":{"rendered":"<p>[vc_row full_width=\u00bbstretch_row\u00bb css=\u00bb.vc_custom_1720597743585{padding-top: 8% !important;padding-bottom: 8% !important;background: #e8e8e8 url(https:\/\/vilaassessors.com\/wp-content\/uploads\/2024\/07\/bg-1-vila-asssesors.jpg?id=240) !important;background-position: center !important;background-repeat: no-repeat !important;background-size: cover !important;}\u00bb wpex_bg_position=\u00bbcenter center\u00bb][vc_column width=\u00bb1\/2&#8243; css=\u00bb.vc_custom_1720597776317{padding-right: 5% !important;}\u00bb][vc_column_text] Asesor\u00eda Jur\u00eddica especializada en materia fiscal laboral y contable. Asesor\u00eda familiar fundada en 2016. Nuestro equipo te asesorar\u00e1 y te guiar\u00e1 en todas tus decisiones, protegiendo tus intereses y adapt\u00e1ndose a tus necesidades.[\/vc_column_text][\/vc_column][vc_column&hellip;<\/p>\n","protected":false},"author":1,"featured_media":261,"parent":0,"menu_order":0,"comment_status":"closed","ping_status":"closed","template":"","meta":{"footnotes":""},"class_list":["post-288","page","type-page","status-publish","has-post-thumbnail","hentry","entry","has-media"],"yoast_head":"<!-- This site is optimized with the Yoast SEO plugin v23.1 - https:\/\/yoast.com\/wordpress\/plugins\/seo\/ -->\n<title>Vila Asesores - Vila Assesors<\/title>\n<meta name=\"robots\" content=\"index, follow, max-snippet:-1, max-image-preview:large, max-video-preview:-1\" \/>\n<link rel=\"canonical\" href=\"https:\/\/vilaassessors.com\/es\/\" \/>\n<meta property=\"og:locale\" content=\"es_ES\" \/>\n<meta property=\"og:type\" content=\"article\" \/>\n<meta property=\"og:title\" content=\"Vila Asesores - Vila Assesors\" \/>\n<meta property=\"og:description\" content=\"[vc_row full_width=\u00bbstretch_row\u00bb css=\u00bb.vc_custom_1720597743585{padding-top: 8% !important;padding-bottom: 8% !important;background: #e8e8e8 url(https:\/\/vilaassessors.com\/wp-content\/uploads\/2024\/07\/bg-1-vila-asssesors.jpg?id=240) !important;background-position: center !important;background-repeat: no-repeat !important;background-size: cover !important;}\u00bb wpex_bg_position=\u00bbcenter center\u00bb][vc_column width=\u00bb1\/2&#8243; css=\u00bb.vc_custom_1720597776317{padding-right: 5% !important;}\u00bb][vc_column_text] Asesor\u00eda Jur\u00eddica especializada en materia fiscal laboral y contable. Asesor\u00eda familiar fundada en 2016. Nuestro equipo te asesorar\u00e1 y te guiar\u00e1 en todas tus decisiones, protegiendo tus intereses y adapt\u00e1ndose a tus necesidades.[\/vc_column_text][\/vc_column][vc_column&hellip;\" \/>\n<meta property=\"og:url\" content=\"https:\/\/vilaassessors.com\/es\/\" \/>\n<meta property=\"og:site_name\" content=\"Vila Assesors\" \/>\n<meta property=\"article:modified_time\" content=\"2024-07-28T06:47:59+00:00\" \/>\n<meta name=\"twitter:card\" content=\"summary_large_image\" \/>\n<meta name=\"twitter:label1\" content=\"Tiempo de lectura\" \/>\n\t<meta name=\"twitter:data1\" content=\"2 minutos\" \/>\n<script type=\"application\/ld+json\" class=\"yoast-schema-graph\">{\"@context\":\"https:\/\/schema.org\",\"@graph\":[{\"@type\":\"WebPage\",\"@id\":\"https:\/\/vilaassessors.com\/es\/\",\"url\":\"https:\/\/vilaassessors.com\/es\/\",\"name\":\"Vila Asesores - Vila Assesors\",\"isPartOf\":{\"@id\":\"https:\/\/vilaassessors.com\/#website\"},\"primaryImageOfPage\":{\"@id\":\"https:\/\/vilaassessors.com\/es\/#primaryimage\"},\"image\":{\"@id\":\"https:\/\/vilaassessors.com\/es\/#primaryimage\"},\"thumbnailUrl\":\"https:\/\/vilaassessors.com\/wp-content\/uploads\/2024\/06\/logo-vila-assesors.svg\",\"datePublished\":\"2023-05-24T09:02:43+00:00\",\"dateModified\":\"2024-07-28T06:47:59+00:00\",\"breadcrumb\":{\"@id\":\"https:\/\/vilaassessors.com\/es\/#breadcrumb\"},\"inLanguage\":\"es\",\"potentialAction\":[{\"@type\":\"ReadAction\",\"target\":[\"https:\/\/vilaassessors.com\/es\/\"]}]},{\"@type\":\"ImageObject\",\"inLanguage\":\"es\",\"@id\":\"https:\/\/vilaassessors.com\/es\/#primaryimage\",\"url\":\"https:\/\/vilaassessors.com\/wp-content\/uploads\/2024\/06\/logo-vila-assesors.svg\",\"contentUrl\":\"https:\/\/vilaassessors.com\/wp-content\/uploads\/2024\/06\/logo-vila-assesors.svg\",\"width\":500,\"height\":385,\"caption\":\"Vila Assessors\"},{\"@type\":\"BreadcrumbList\",\"@id\":\"https:\/\/vilaassessors.com\/es\/#breadcrumb\",\"itemListElement\":[{\"@type\":\"ListItem\",\"position\":1,\"name\":\"Home\",\"item\":\"https:\/\/vilaassessors.com\/es\/\"},{\"@type\":\"ListItem\",\"position\":2,\"name\":\"Vila Asesores\"}]},{\"@type\":\"WebSite\",\"@id\":\"https:\/\/vilaassessors.com\/#website\",\"url\":\"https:\/\/vilaassessors.com\/\",\"name\":\"Vila Assesors\",\"description\":\"Fiscal, Laboral, Comptable, Jur\u00eddic Assegurances, Comunitats, Her\u00e8ncies\",\"publisher\":{\"@id\":\"https:\/\/vilaassessors.com\/#organization\"},\"potentialAction\":[{\"@type\":\"SearchAction\",\"target\":{\"@type\":\"EntryPoint\",\"urlTemplate\":\"https:\/\/vilaassessors.com\/?s={search_term_string}\"},\"query-input\":\"required name=search_term_string\"}],\"inLanguage\":\"es\"},{\"@type\":\"Organization\",\"@id\":\"https:\/\/vilaassessors.com\/#organization\",\"name\":\"Vila Assesors\",\"url\":\"https:\/\/vilaassessors.com\/\",\"logo\":{\"@type\":\"ImageObject\",\"inLanguage\":\"es\",\"@id\":\"https:\/\/vilaassessors.com\/#\/schema\/logo\/image\/\",\"url\":\"https:\/\/vilaassessors.com\/wp-content\/uploads\/2024\/06\/logo-vila-assesors-llarg.svg\",\"contentUrl\":\"https:\/\/vilaassessors.com\/wp-content\/uploads\/2024\/06\/logo-vila-assesors-llarg.svg\",\"width\":1446,\"height\":164,\"caption\":\"Vila Assesors\"},\"image\":{\"@id\":\"https:\/\/vilaassessors.com\/#\/schema\/logo\/image\/\"}}]}<\/script>\n<!-- \/ Yoast SEO plugin. -->","yoast_head_json":{"title":"Vila Asesores - Vila Assesors","robots":{"index":"index","follow":"follow","max-snippet":"max-snippet:-1","max-image-preview":"max-image-preview:large","max-video-preview":"max-video-preview:-1"},"canonical":"https:\/\/vilaassessors.com\/es\/","og_locale":"es_ES","og_type":"article","og_title":"Vila Asesores - Vila Assesors","og_description":"[vc_row full_width=\u00bbstretch_row\u00bb css=\u00bb.vc_custom_1720597743585{padding-top: 8% !important;padding-bottom: 8% !important;background: #e8e8e8 url(https:\/\/vilaassessors.com\/wp-content\/uploads\/2024\/07\/bg-1-vila-asssesors.jpg?id=240) !important;background-position: center !important;background-repeat: no-repeat !important;background-size: cover !important;}\u00bb wpex_bg_position=\u00bbcenter center\u00bb][vc_column width=\u00bb1\/2&#8243; css=\u00bb.vc_custom_1720597776317{padding-right: 5% !important;}\u00bb][vc_column_text] Asesor\u00eda Jur\u00eddica especializada en materia fiscal laboral y contable. Asesor\u00eda familiar fundada en 2016. Nuestro equipo te asesorar\u00e1 y te guiar\u00e1 en todas tus decisiones, protegiendo tus intereses y adapt\u00e1ndose a tus necesidades.[\/vc_column_text][\/vc_column][vc_column&hellip;","og_url":"https:\/\/vilaassessors.com\/es\/","og_site_name":"Vila Assesors","article_modified_time":"2024-07-28T06:47:59+00:00","twitter_card":"summary_large_image","twitter_misc":{"Tiempo de lectura":"2 minutos"},"schema":{"@context":"https:\/\/schema.org","@graph":[{"@type":"WebPage","@id":"https:\/\/vilaassessors.com\/es\/","url":"https:\/\/vilaassessors.com\/es\/","name":"Vila Asesores - Vila Assesors","isPartOf":{"@id":"https:\/\/vilaassessors.com\/#website"},"primaryImageOfPage":{"@id":"https:\/\/vilaassessors.com\/es\/#primaryimage"},"image":{"@id":"https:\/\/vilaassessors.com\/es\/#primaryimage"},"thumbnailUrl":"https:\/\/vilaassessors.com\/wp-content\/uploads\/2024\/06\/logo-vila-assesors.svg","datePublished":"2023-05-24T09:02:43+00:00","dateModified":"2024-07-28T06:47:59+00:00","breadcrumb":{"@id":"https:\/\/vilaassessors.com\/es\/#breadcrumb"},"inLanguage":"es","potentialAction":[{"@type":"ReadAction","target":["https:\/\/vilaassessors.com\/es\/"]}]},{"@type":"ImageObject","inLanguage":"es","@id":"https:\/\/vilaassessors.com\/es\/#primaryimage","url":"https:\/\/vilaassessors.com\/wp-content\/uploads\/2024\/06\/logo-vila-assesors.svg","contentUrl":"https:\/\/vilaassessors.com\/wp-content\/uploads\/2024\/06\/logo-vila-assesors.svg","width":500,"height":385,"caption":"Vila Assessors"},{"@type":"BreadcrumbList","@id":"https:\/\/vilaassessors.com\/es\/#breadcrumb","itemListElement":[{"@type":"ListItem","position":1,"name":"Home","item":"https:\/\/vilaassessors.com\/es\/"},{"@type":"ListItem","position":2,"name":"Vila Asesores"}]},{"@type":"WebSite","@id":"https:\/\/vilaassessors.com\/#website","url":"https:\/\/vilaassessors.com\/","name":"Vila Assesors","description":"Fiscal, Laboral, Comptable, Jur\u00eddic Assegurances, Comunitats, Her\u00e8ncies","publisher":{"@id":"https:\/\/vilaassessors.com\/#organization"},"potentialAction":[{"@type":"SearchAction","target":{"@type":"EntryPoint","urlTemplate":"https:\/\/vilaassessors.com\/?s={search_term_string}"},"query-input":"required name=search_term_string"}],"inLanguage":"es"},{"@type":"Organization","@id":"https:\/\/vilaassessors.com\/#organization","name":"Vila Assesors","url":"https:\/\/vilaassessors.com\/","logo":{"@type":"ImageObject","inLanguage":"es","@id":"https:\/\/vilaassessors.com\/#\/schema\/logo\/image\/","url":"https:\/\/vilaassessors.com\/wp-content\/uploads\/2024\/06\/logo-vila-assesors-llarg.svg","contentUrl":"https:\/\/vilaassessors.com\/wp-content\/uploads\/2024\/06\/logo-vila-assesors-llarg.svg","width":1446,"height":164,"caption":"Vila Assesors"},"image":{"@id":"https:\/\/vilaassessors.com\/#\/schema\/logo\/image\/"}}]}},"_links":{"self":[{"href":"https:\/\/vilaassessors.com\/es\/wp-json\/wp\/v2\/pages\/288"}],"collection":[{"href":"https:\/\/vilaassessors.com\/es\/wp-json\/wp\/v2\/pages"}],"about":[{"href":"https:\/\/vilaassessors.com\/es\/wp-json\/wp\/v2\/types\/page"}],"author":[{"embeddable":true,"href":"https:\/\/vilaassessors.com\/es\/wp-json\/wp\/v2\/users\/1"}],"replies":[{"embeddable":true,"href":"https:\/\/vilaassessors.com\/es\/wp-json\/wp\/v2\/comments?post=288"}],"version-history":[{"count":7,"href":"https:\/\/vilaassessors.com\/es\/wp-json\/wp\/v2\/pages\/288\/revisions"}],"predecessor-version":[{"id":306,"href":"https:\/\/vilaassessors.com\/es\/wp-json\/wp\/v2\/pages\/288\/revisions\/306"}],"wp:featuredmedia":[{"embeddable":true,"href":"https:\/\/vilaassessors.com\/es\/wp-json\/wp\/v2\/media\/261"}],"wp:attachment":[{"href":"https:\/\/vilaassessors.com\/es\/wp-json\/wp\/v2\/media?parent=288"}],"curies":[{"name":"wp","href":"https:\/\/api.w.org\/{rel}","templated":true}]}}